{"id":91,"date":"2025-12-12T16:50:44","date_gmt":"2025-12-12T16:50:44","guid":{"rendered":"https:\/\/www.nexttech.sk\/sro\/?page_id=91"},"modified":"2026-02-25T15:13:08","modified_gmt":"2026-02-25T15:13:08","slug":"reels","status":"publish","type":"page","link":"https:\/\/www.nexttech.sk\/sro\/reels\/","title":{"rendered":"Reels"},"content":{"rendered":"<p style=\"text-align: center;\">Vide\u00e1 a reels na\u0161ich realiz\u00e1cii n\u00e1jdete na platforme Facebook alebo aj na tejto str\u00e1nke.<\/p>\n<p style=\"text-align: center;\"><a href=\"https:\/\/www.facebook.com\/NextTechsro\/reels\/\" target=\"_blank\" rel=\"noopener\"><strong>Na\u0161e reels na facebooku<\/strong><\/a><\/p>\n<p style=\"text-align: center;\" align=\"\"><div class=\"ose-youtube ose-uid-e55a89d8cc8bf3809fae46079317da8b ose-embedpress-responsive\" style=\"width:600px; height:600px; max-height:600px; max-width:100%; display:inline-block;\" data-embed-type=\"com\"><iframe loading=\"lazy\" allowFullScreen=\"true\" title=\"Ke\u010f sa z\u00e1kazn\u00edk st\u00e1va priate\u013eom...\u0161ikovn\u00ed chlapci z firmy NextTech z Martina\" width=\"600\" height=\"600\" src=\"https:\/\/www.youtube.com\/embed\/xjN1D9hvyaM?feature=oembed\" frameborder=\"0\" allow=\"accelerometer; encrypted-media;accelerometer;autoplay;clipboard-write;gyroscope;picture-in-picture clipboard-write; encrypted-media; gyroscope; picture-in-picture; web-share\" referrerpolicy=\"strict-origin-when-cross-origin\" allowfullscreen><\/iframe><\/div><br \/>\n<div class=\"ose-youtube ose-uid-5a3230e6a912abf70e05ce8adda2a1fb ose-embedpress-responsive\" style=\"width:600px; height:600px; max-height:600px; max-width:100%; display:inline-block;\" data-embed-type=\"com\"><iframe loading=\"lazy\" allowFullScreen=\"true\" title=\"N\u00e1\u0161 spokojn\u00fd odberate\u013e: Stavebn\u00e1 firma NextTech z Martina\" width=\"600\" height=\"600\" src=\"https:\/\/www.youtube.com\/embed\/f9PnUe1IWaQ?feature=oembed\" frameborder=\"0\" allow=\"accelerometer; encrypted-media;accelerometer;autoplay;clipboard-write;gyroscope;picture-in-picture clipboard-write; encrypted-media; gyroscope; picture-in-picture; web-share\" referrerpolicy=\"strict-origin-when-cross-origin\" allowfullscreen><\/iframe><\/div><\/p>\n<p style=\"text-align: center;\" align=\"\">\n","protected":false},"excerpt":{"rendered":"<p>Vide\u00e1 a reels na\u0161ich realiz\u00e1cii n\u00e1jdete na platforme Facebook alebo aj na tejto str\u00e1nke. Na\u0161e reels na facebooku<\/p>\n","protected":false},"author":1,"featured_media":0,"parent":0,"menu_order":0,"comment_status":"closed","ping_status":"closed","template":"","meta":{"footnotes":""},"class_list":["post-91","page","type-page","status-publish","hentry"],"aioseo_notices":[],"_links":{"self":[{"href":"https:\/\/www.nexttech.sk\/sro\/wp-json\/wp\/v2\/pages\/91","targetHints":{"allow":["GET"]}}],"collection":[{"href":"https:\/\/www.nexttech.sk\/sro\/wp-json\/wp\/v2\/pages"}],"about":[{"href":"https:\/\/www.nexttech.sk\/sro\/wp-json\/wp\/v2\/types\/page"}],"author":[{"embeddable":true,"href":"https:\/\/www.nexttech.sk\/sro\/wp-json\/wp\/v2\/users\/1"}],"replies":[{"embeddable":true,"href":"https:\/\/www.nexttech.sk\/sro\/wp-json\/wp\/v2\/comments?post=91"}],"version-history":[{"count":15,"href":"https:\/\/www.nexttech.sk\/sro\/wp-json\/wp\/v2\/pages\/91\/revisions"}],"predecessor-version":[{"id":493,"href":"https:\/\/www.nexttech.sk\/sro\/wp-json\/wp\/v2\/pages\/91\/revisions\/493"}],"wp:attachment":[{"href":"https:\/\/www.nexttech.sk\/sro\/wp-json\/wp\/v2\/media?parent=91"}],"curies":[{"name":"wp","href":"https:\/\/api.w.org\/{rel}","templated":true}]}}