{"id":845,"date":"2026-03-18T19:48:45","date_gmt":"2026-03-18T19:48:45","guid":{"rendered":"https:\/\/www.nexttech.sk\/sro\/?page_id=845"},"modified":"2026-03-18T21:27:50","modified_gmt":"2026-03-18T21:27:50","slug":"2023-2","status":"publish","type":"page","link":"https:\/\/www.nexttech.sk\/sro\/2023-2\/","title":{"rendered":"2023"},"content":{"rendered":"<h4 style=\"text-align: center;\"><span style=\"color: #008000;\"><strong>Na\u0161e stavebn\u00e9 realiz\u00e1cie v roku 2023<\/strong><\/span><\/h4>\n<p>&nbsp;<\/p>\n<h4><span style=\"color: #000080;\"><a style=\"color: #000080;\" title=\"V\u00fdmena oplotenia (Bel\u00e1-Dulice)\" href=\"https:\/\/www.nexttech.sk\/sro\/vymena-oplotenia-bela-dulice\/\">V\u00fdmena oplotenia (Bel\u00e1-Dulice)<\/a><\/span><\/h4>\n<h4><span style=\"color: #808080;\"><a style=\"color: #808080;\" title=\"Zateplenie rodinn\u00e9ho domu na Bystri\u010dke\" href=\"https:\/\/www.nexttech.sk\/sro\/zateplenie-rodinneho-domu-na-bystricke\/\">Zateplenie rodinn\u00e9ho domu na Bystri\u010dke<\/a><\/span><\/h4>\n<h4><span style=\"color: #800000;\"><a style=\"color: #800000;\" title=\"Rekon\u0161trukcia 2-izbov\u00e9ho bytu v Martine\" href=\"https:\/\/www.nexttech.sk\/sro\/rekonstrukcia-2-izboveho-bytu-v-martine\/\">Rekon\u0161trukcia 2-izbov\u00e9ho bytu v Martine<\/a><\/span><\/h4>\n","protected":false},"excerpt":{"rendered":"<p>Na\u0161e stavebn\u00e9 realiz\u00e1cie v roku 2023 &nbsp; V\u00fdmena oplotenia (Bel\u00e1-Dulice) Zateplenie rodinn\u00e9ho domu na Bystri\u010dke Rekon\u0161trukcia 2-izbov\u00e9ho bytu v Martine<\/p>\n","protected":false},"author":2,"featured_media":0,"parent":0,"menu_order":0,"comment_status":"closed","ping_status":"closed","template":"","meta":{"footnotes":""},"class_list":["post-845","page","type-page","status-publish","hentry"],"aioseo_notices":[],"_links":{"self":[{"href":"https:\/\/www.nexttech.sk\/sro\/wp-json\/wp\/v2\/pages\/845","targetHints":{"allow":["GET"]}}],"collection":[{"href":"https:\/\/www.nexttech.sk\/sro\/wp-json\/wp\/v2\/pages"}],"about":[{"href":"https:\/\/www.nexttech.sk\/sro\/wp-json\/wp\/v2\/types\/page"}],"author":[{"embeddable":true,"href":"https:\/\/www.nexttech.sk\/sro\/wp-json\/wp\/v2\/users\/2"}],"replies":[{"embeddable":true,"href":"https:\/\/www.nexttech.sk\/sro\/wp-json\/wp\/v2\/comments?post=845"}],"version-history":[{"count":5,"href":"https:\/\/www.nexttech.sk\/sro\/wp-json\/wp\/v2\/pages\/845\/revisions"}],"predecessor-version":[{"id":1007,"href":"https:\/\/www.nexttech.sk\/sro\/wp-json\/wp\/v2\/pages\/845\/revisions\/1007"}],"wp:attachment":[{"href":"https:\/\/www.nexttech.sk\/sro\/wp-json\/wp\/v2\/media?parent=845"}],"curies":[{"name":"wp","href":"https:\/\/api.w.org\/{rel}","templated":true}]}}