{"id":79,"date":"2025-12-12T16:45:50","date_gmt":"2025-12-12T16:45:50","guid":{"rendered":"https:\/\/www.nexttech.sk\/sro\/?page_id=79"},"modified":"2026-02-03T16:44:37","modified_gmt":"2026-02-03T16:44:37","slug":"o-nas","status":"publish","type":"page","link":"https:\/\/www.nexttech.sk\/sro\/o-nas\/","title":{"rendered":"O n\u00e1s"},"content":{"rendered":"<p style=\"padding-left: 40px;\"><strong>NextTech<\/strong>\u00a0 je modern\u00e1 stavebn\u00e1 firma p\u00f4sobiaca v regi\u00f3ne <strong>Turiec (\u017dilinsk\u00fd kraj)<\/strong>, ktor\u00e1 prin\u00e1\u0161a spo\u013eahliv\u00e9 a komplexn\u00e9 rie\u0161enia v oblasti v\u00fdstavby a rekon\u0161trukci\u00ed. Realizujeme\u00a0 <strong>domy na k\u013e\u00fa\u010d<\/strong>,\u00a0<strong>rekon\u0161trukcie<\/strong>,\u00a0 <strong>z\u00e1mkov\u00e9 dla\u017eby<\/strong>\u00a0 a kompletn\u00e9\u00a0 <strong>interi\u00e9rov\u00e9 aj exteri\u00e9rov\u00e9 pr\u00e1ce<\/strong>.\u00a0 Ka\u017ed\u00fd projekt rie\u0161ime individu\u00e1lne\u00a0 \u2013\u00a0 <strong>cenov\u00e9 ponuky pripravujeme na mieru po osobnej konzult\u00e1cii<\/strong>,\u00a0 s d\u00f4razom na potreby klienta. Staviame na\u00a0 <strong>dlhoro\u010dn\u00fdch sk\u00fasenostiach<\/strong>,\u00a0 prec\u00edznom spracovan\u00ed a\u00a0 <strong>zodpovednom pr\u00edstupe ku kvalite a udr\u017eate\u013enosti<\/strong>.\u00a0 Neust\u00e1la chu\u0165 pracova\u0165, zlep\u0161ova\u0165 sa a sledova\u0165 nov\u00e9 trendy je to, \u010do rob\u00ed z NextTech partnera, na ktor\u00e9ho sa m\u00f4\u017eete spo\u013eahn\u00fa\u0165.<\/p>\n","protected":false},"excerpt":{"rendered":"<p>NextTech\u00a0 je modern\u00e1 stavebn\u00e1 firma p\u00f4sobiaca v regi\u00f3ne Turiec (\u017dilinsk\u00fd kraj), ktor\u00e1 prin\u00e1\u0161a spo\u013eahliv\u00e9 a komplexn\u00e9 rie\u0161enia v oblasti v\u00fdstavby a rekon\u0161trukci\u00ed. Realizujeme\u00a0 domy na k\u013e\u00fa\u010d,\u00a0rekon\u0161trukcie,\u00a0 z\u00e1mkov\u00e9 dla\u017eby\u00a0 a kompletn\u00e9\u00a0 interi\u00e9rov\u00e9 aj exteri\u00e9rov\u00e9 pr\u00e1ce.\u00a0 Ka\u017ed\u00fd projekt rie\u0161ime individu\u00e1lne\u00a0 \u2013\u00a0 cenov\u00e9 ponuky pripravujeme na mieru po osobnej konzult\u00e1cii,\u00a0 s d\u00f4razom na potreby klienta. Staviame na\u00a0 dlhoro\u010dn\u00fdch [&hellip;]<\/p>\n","protected":false},"author":1,"featured_media":0,"parent":0,"menu_order":0,"comment_status":"closed","ping_status":"closed","template":"","meta":{"footnotes":""},"class_list":["post-79","page","type-page","status-publish","hentry"],"aioseo_notices":[],"_links":{"self":[{"href":"https:\/\/www.nexttech.sk\/sro\/wp-json\/wp\/v2\/pages\/79","targetHints":{"allow":["GET"]}}],"collection":[{"href":"https:\/\/www.nexttech.sk\/sro\/wp-json\/wp\/v2\/pages"}],"about":[{"href":"https:\/\/www.nexttech.sk\/sro\/wp-json\/wp\/v2\/types\/page"}],"author":[{"embeddable":true,"href":"https:\/\/www.nexttech.sk\/sro\/wp-json\/wp\/v2\/users\/1"}],"replies":[{"embeddable":true,"href":"https:\/\/www.nexttech.sk\/sro\/wp-json\/wp\/v2\/comments?post=79"}],"version-history":[{"count":5,"href":"https:\/\/www.nexttech.sk\/sro\/wp-json\/wp\/v2\/pages\/79\/revisions"}],"predecessor-version":[{"id":277,"href":"https:\/\/www.nexttech.sk\/sro\/wp-json\/wp\/v2\/pages\/79\/revisions\/277"}],"wp:attachment":[{"href":"https:\/\/www.nexttech.sk\/sro\/wp-json\/wp\/v2\/media?parent=79"}],"curies":[{"name":"wp","href":"https:\/\/api.w.org\/{rel}","templated":true}]}}