{"id":779,"date":"2026-03-17T21:03:23","date_gmt":"2026-03-17T21:03:23","guid":{"rendered":"https:\/\/www.nexttech.sk\/sro\/?page_id=779"},"modified":"2026-03-17T21:05:53","modified_gmt":"2026-03-17T21:05:53","slug":"rekonstrukcia-plotu-a-kladenie-dlazby","status":"publish","type":"page","link":"https:\/\/www.nexttech.sk\/sro\/rekonstrukcia-plotu-a-kladenie-dlazby\/","title":{"rendered":"Rekon\u0161trukcia plotu a kladenie dla\u017eby"},"content":{"rendered":"<h2 style=\"text-align: center;\">Rekon\u0161trukcia plotu a kladenie dla\u017eby, obrubn\u00edkov a palis\u00e1d v Tur\u010dianskom Jasene.<\/h2>\n<div id='gallery-1' class='gallery galleryid-779 gallery-columns-3 gallery-size-thumbnail'><figure class='gallery-item'>\n\t\t\t<div class='gallery-icon landscape'>\n\t\t\t\t<a href='https:\/\/www.nexttech.sk\/sro\/rekonstrukcia-plotu-a-kladenie-dlazby\/img_2458\/'><img loading=\"lazy\" decoding=\"async\" width=\"150\" height=\"150\" src=\"https:\/\/www.nexttech.sk\/sro\/wp-content\/uploads\/2026\/03\/IMG_2458-150x150.jpg\" class=\"attachment-thumbnail size-thumbnail\" alt=\"\" \/><\/a>\n\t\t\t<\/div><\/figure><figure class='gallery-item'>\n\t\t\t<div class='gallery-icon portrait'>\n\t\t\t\t<a href='https:\/\/www.nexttech.sk\/sro\/rekonstrukcia-plotu-a-kladenie-dlazby\/img_2461\/'><img loading=\"lazy\" decoding=\"async\" width=\"150\" height=\"150\" src=\"https:\/\/www.nexttech.sk\/sro\/wp-content\/uploads\/2026\/03\/IMG_2461-150x150.jpg\" class=\"attachment-thumbnail size-thumbnail\" alt=\"\" \/><\/a>\n\t\t\t<\/div><\/figure><figure class='gallery-item'>\n\t\t\t<div class='gallery-icon portrait'>\n\t\t\t\t<a href='https:\/\/www.nexttech.sk\/sro\/rekonstrukcia-plotu-a-kladenie-dlazby\/img_2462\/'><img loading=\"lazy\" decoding=\"async\" width=\"150\" height=\"150\" src=\"https:\/\/www.nexttech.sk\/sro\/wp-content\/uploads\/2026\/03\/IMG_2462-150x150.jpg\" class=\"attachment-thumbnail size-thumbnail\" alt=\"\" \/><\/a>\n\t\t\t<\/div><\/figure><figure class='gallery-item'>\n\t\t\t<div class='gallery-icon portrait'>\n\t\t\t\t<a href='https:\/\/www.nexttech.sk\/sro\/rekonstrukcia-plotu-a-kladenie-dlazby\/img_2470\/'><img loading=\"lazy\" decoding=\"async\" width=\"150\" height=\"150\" src=\"https:\/\/www.nexttech.sk\/sro\/wp-content\/uploads\/2026\/03\/IMG_2470-150x150.jpg\" class=\"attachment-thumbnail size-thumbnail\" alt=\"\" \/><\/a>\n\t\t\t<\/div><\/figure><figure class='gallery-item'>\n\t\t\t<div class='gallery-icon portrait'>\n\t\t\t\t<a href='https:\/\/www.nexttech.sk\/sro\/rekonstrukcia-plotu-a-kladenie-dlazby\/img_2472\/'><img loading=\"lazy\" decoding=\"async\" width=\"150\" height=\"150\" src=\"https:\/\/www.nexttech.sk\/sro\/wp-content\/uploads\/2026\/03\/IMG_2472-150x150.jpg\" class=\"attachment-thumbnail size-thumbnail\" alt=\"\" \/><\/a>\n\t\t\t<\/div><\/figure><figure class='gallery-item'>\n\t\t\t<div class='gallery-icon portrait'>\n\t\t\t\t<a href='https:\/\/www.nexttech.sk\/sro\/rekonstrukcia-plotu-a-kladenie-dlazby\/img_2475\/'><img loading=\"lazy\" decoding=\"async\" width=\"150\" height=\"150\" src=\"https:\/\/www.nexttech.sk\/sro\/wp-content\/uploads\/2026\/03\/IMG_2475-150x150.jpg\" class=\"attachment-thumbnail size-thumbnail\" alt=\"\" \/><\/a>\n\t\t\t<\/div><\/figure><figure class='gallery-item'>\n\t\t\t<div class='gallery-icon portrait'>\n\t\t\t\t<a href='https:\/\/www.nexttech.sk\/sro\/rekonstrukcia-plotu-a-kladenie-dlazby\/img_2477\/'><img loading=\"lazy\" decoding=\"async\" width=\"150\" height=\"150\" src=\"https:\/\/www.nexttech.sk\/sro\/wp-content\/uploads\/2026\/03\/IMG_2477-150x150.jpg\" class=\"attachment-thumbnail size-thumbnail\" alt=\"\" \/><\/a>\n\t\t\t<\/div><\/figure><figure class='gallery-item'>\n\t\t\t<div class='gallery-icon portrait'>\n\t\t\t\t<a href='https:\/\/www.nexttech.sk\/sro\/rekonstrukcia-plotu-a-kladenie-dlazby\/img_2474\/'><img loading=\"lazy\" decoding=\"async\" width=\"150\" height=\"150\" src=\"https:\/\/www.nexttech.sk\/sro\/wp-content\/uploads\/2026\/03\/IMG_2474-150x150.jpg\" class=\"attachment-thumbnail size-thumbnail\" alt=\"\" \/><\/a>\n\t\t\t<\/div><\/figure><figure class='gallery-item'>\n\t\t\t<div class='gallery-icon portrait'>\n\t\t\t\t<a href='https:\/\/www.nexttech.sk\/sro\/rekonstrukcia-plotu-a-kladenie-dlazby\/img_2478\/'><img loading=\"lazy\" decoding=\"async\" width=\"150\" height=\"150\" src=\"https:\/\/www.nexttech.sk\/sro\/wp-content\/uploads\/2026\/03\/IMG_2478-150x150.jpg\" class=\"attachment-thumbnail size-thumbnail\" alt=\"\" \/><\/a>\n\t\t\t<\/div><\/figure><figure class='gallery-item'>\n\t\t\t<div class='gallery-icon portrait'>\n\t\t\t\t<a href='https:\/\/www.nexttech.sk\/sro\/rekonstrukcia-plotu-a-kladenie-dlazby\/img_2479\/'><img loading=\"lazy\" decoding=\"async\" width=\"150\" height=\"150\" src=\"https:\/\/www.nexttech.sk\/sro\/wp-content\/uploads\/2026\/03\/IMG_2479-150x150.jpg\" class=\"attachment-thumbnail size-thumbnail\" alt=\"\" \/><\/a>\n\t\t\t<\/div><\/figure><figure class='gallery-item'>\n\t\t\t<div class='gallery-icon portrait'>\n\t\t\t\t<a href='https:\/\/www.nexttech.sk\/sro\/rekonstrukcia-plotu-a-kladenie-dlazby\/img_2480\/'><img loading=\"lazy\" decoding=\"async\" width=\"150\" height=\"150\" src=\"https:\/\/www.nexttech.sk\/sro\/wp-content\/uploads\/2026\/03\/IMG_2480-150x150.jpg\" class=\"attachment-thumbnail size-thumbnail\" alt=\"\" \/><\/a>\n\t\t\t<\/div><\/figure><figure class='gallery-item'>\n\t\t\t<div class='gallery-icon portrait'>\n\t\t\t\t<a href='https:\/\/www.nexttech.sk\/sro\/rekonstrukcia-plotu-a-kladenie-dlazby\/img_2482\/'><img loading=\"lazy\" decoding=\"async\" width=\"150\" height=\"150\" src=\"https:\/\/www.nexttech.sk\/sro\/wp-content\/uploads\/2026\/03\/IMG_2482-150x150.jpg\" class=\"attachment-thumbnail size-thumbnail\" alt=\"\" \/><\/a>\n\t\t\t<\/div><\/figure><figure class='gallery-item'>\n\t\t\t<div class='gallery-icon portrait'>\n\t\t\t\t<a href='https:\/\/www.nexttech.sk\/sro\/rekonstrukcia-plotu-a-kladenie-dlazby\/img_2484\/'><img loading=\"lazy\" decoding=\"async\" width=\"150\" height=\"150\" src=\"https:\/\/www.nexttech.sk\/sro\/wp-content\/uploads\/2026\/03\/IMG_2484-150x150.jpg\" class=\"attachment-thumbnail size-thumbnail\" alt=\"\" \/><\/a>\n\t\t\t<\/div><\/figure><figure class='gallery-item'>\n\t\t\t<div class='gallery-icon portrait'>\n\t\t\t\t<a href='https:\/\/www.nexttech.sk\/sro\/rekonstrukcia-plotu-a-kladenie-dlazby\/img_2486\/'><img loading=\"lazy\" decoding=\"async\" width=\"150\" height=\"150\" src=\"https:\/\/www.nexttech.sk\/sro\/wp-content\/uploads\/2026\/03\/IMG_2486-150x150.jpg\" class=\"attachment-thumbnail size-thumbnail\" alt=\"\" \/><\/a>\n\t\t\t<\/div><\/figure><figure class='gallery-item'>\n\t\t\t<div class='gallery-icon portrait'>\n\t\t\t\t<a href='https:\/\/www.nexttech.sk\/sro\/rekonstrukcia-plotu-a-kladenie-dlazby\/img_2514\/'><img loading=\"lazy\" decoding=\"async\" width=\"150\" height=\"150\" src=\"https:\/\/www.nexttech.sk\/sro\/wp-content\/uploads\/2026\/03\/IMG_2514-150x150.jpg\" class=\"attachment-thumbnail size-thumbnail\" alt=\"\" \/><\/a>\n\t\t\t<\/div><\/figure><figure class='gallery-item'>\n\t\t\t<div class='gallery-icon portrait'>\n\t\t\t\t<a href='https:\/\/www.nexttech.sk\/sro\/rekonstrukcia-plotu-a-kladenie-dlazby\/img_2518\/'><img loading=\"lazy\" decoding=\"async\" width=\"150\" height=\"150\" src=\"https:\/\/www.nexttech.sk\/sro\/wp-content\/uploads\/2026\/03\/IMG_2518-150x150.jpg\" class=\"attachment-thumbnail size-thumbnail\" alt=\"\" \/><\/a>\n\t\t\t<\/div><\/figure><figure class='gallery-item'>\n\t\t\t<div class='gallery-icon portrait'>\n\t\t\t\t<a href='https:\/\/www.nexttech.sk\/sro\/rekonstrukcia-plotu-a-kladenie-dlazby\/img_2520\/'><img loading=\"lazy\" decoding=\"async\" width=\"150\" height=\"150\" src=\"https:\/\/www.nexttech.sk\/sro\/wp-content\/uploads\/2026\/03\/IMG_2520-150x150.jpg\" class=\"attachment-thumbnail size-thumbnail\" alt=\"\" \/><\/a>\n\t\t\t<\/div><\/figure><figure class='gallery-item'>\n\t\t\t<div class='gallery-icon landscape'>\n\t\t\t\t<a href='https:\/\/www.nexttech.sk\/sro\/rekonstrukcia-plotu-a-kladenie-dlazby\/img_2621\/'><img loading=\"lazy\" decoding=\"async\" width=\"150\" height=\"150\" src=\"https:\/\/www.nexttech.sk\/sro\/wp-content\/uploads\/2026\/03\/IMG_2621-150x150.jpg\" class=\"attachment-thumbnail size-thumbnail\" alt=\"\" \/><\/a>\n\t\t\t<\/div><\/figure><figure class='gallery-item'>\n\t\t\t<div class='gallery-icon portrait'>\n\t\t\t\t<a href='https:\/\/www.nexttech.sk\/sro\/rekonstrukcia-plotu-a-kladenie-dlazby\/img_2622\/'><img loading=\"lazy\" decoding=\"async\" width=\"150\" height=\"150\" src=\"https:\/\/www.nexttech.sk\/sro\/wp-content\/uploads\/2026\/03\/IMG_2622-150x150.jpg\" class=\"attachment-thumbnail size-thumbnail\" alt=\"\" \/><\/a>\n\t\t\t<\/div><\/figure>\n\t\t<\/div>\n\n<p>&nbsp;<\/p>\n<div id='gallery-2' class='gallery galleryid-779 gallery-columns-3 gallery-size-thumbnail'><figure class='gallery-item'>\n\t\t\t<div class='gallery-icon landscape'>\n\t\t\t\t<a href='https:\/\/www.nexttech.sk\/sro\/rekonstrukcia-plotu-a-kladenie-dlazby\/img_2745\/'><img loading=\"lazy\" decoding=\"async\" width=\"150\" height=\"150\" src=\"https:\/\/www.nexttech.sk\/sro\/wp-content\/uploads\/2026\/03\/IMG_2745-150x150.jpg\" class=\"attachment-thumbnail size-thumbnail\" alt=\"\" \/><\/a>\n\t\t\t<\/div><\/figure><figure class='gallery-item'>\n\t\t\t<div class='gallery-icon portrait'>\n\t\t\t\t<a href='https:\/\/www.nexttech.sk\/sro\/rekonstrukcia-plotu-a-kladenie-dlazby\/img_2849\/'><img loading=\"lazy\" decoding=\"async\" width=\"150\" height=\"150\" src=\"https:\/\/www.nexttech.sk\/sro\/wp-content\/uploads\/2026\/03\/IMG_2849-150x150.jpg\" class=\"attachment-thumbnail size-thumbnail\" alt=\"\" \/><\/a>\n\t\t\t<\/div><\/figure><figure class='gallery-item'>\n\t\t\t<div class='gallery-icon portrait'>\n\t\t\t\t<a href='https:\/\/www.nexttech.sk\/sro\/rekonstrukcia-plotu-a-kladenie-dlazby\/img_2848\/'><img loading=\"lazy\" decoding=\"async\" width=\"150\" height=\"150\" src=\"https:\/\/www.nexttech.sk\/sro\/wp-content\/uploads\/2026\/03\/IMG_2848-150x150.jpg\" class=\"attachment-thumbnail size-thumbnail\" alt=\"\" \/><\/a>\n\t\t\t<\/div><\/figure><figure class='gallery-item'>\n\t\t\t<div class='gallery-icon portrait'>\n\t\t\t\t<a href='https:\/\/www.nexttech.sk\/sro\/rekonstrukcia-plotu-a-kladenie-dlazby\/img_2847\/'><img loading=\"lazy\" decoding=\"async\" width=\"150\" height=\"150\" src=\"https:\/\/www.nexttech.sk\/sro\/wp-content\/uploads\/2026\/03\/IMG_2847-150x150.jpg\" class=\"attachment-thumbnail size-thumbnail\" alt=\"\" \/><\/a>\n\t\t\t<\/div><\/figure><figure class='gallery-item'>\n\t\t\t<div class='gallery-icon landscape'>\n\t\t\t\t<a href='https:\/\/www.nexttech.sk\/sro\/rekonstrukcia-plotu-a-kladenie-dlazby\/img_2746\/'><img loading=\"lazy\" decoding=\"async\" width=\"150\" height=\"150\" src=\"https:\/\/www.nexttech.sk\/sro\/wp-content\/uploads\/2026\/03\/IMG_2746-150x150.jpg\" class=\"attachment-thumbnail size-thumbnail\" alt=\"\" \/><\/a>\n\t\t\t<\/div><\/figure><figure class='gallery-item'>\n\t\t\t<div class='gallery-icon portrait'>\n\t\t\t\t<a href='https:\/\/www.nexttech.sk\/sro\/rekonstrukcia-plotu-a-kladenie-dlazby\/img_2738\/'><img loading=\"lazy\" decoding=\"async\" width=\"150\" height=\"150\" src=\"https:\/\/www.nexttech.sk\/sro\/wp-content\/uploads\/2026\/03\/IMG_2738-150x150.jpg\" class=\"attachment-thumbnail size-thumbnail\" alt=\"\" \/><\/a>\n\t\t\t<\/div><\/figure><figure class='gallery-item'>\n\t\t\t<div class='gallery-icon landscape'>\n\t\t\t\t<a href='https:\/\/www.nexttech.sk\/sro\/rekonstrukcia-plotu-a-kladenie-dlazby\/img_2725\/'><img loading=\"lazy\" decoding=\"async\" width=\"150\" height=\"150\" src=\"https:\/\/www.nexttech.sk\/sro\/wp-content\/uploads\/2026\/03\/IMG_2725-150x150.jpg\" class=\"attachment-thumbnail size-thumbnail\" alt=\"\" \/><\/a>\n\t\t\t<\/div><\/figure><figure class='gallery-item'>\n\t\t\t<div class='gallery-icon portrait'>\n\t\t\t\t<a href='https:\/\/www.nexttech.sk\/sro\/rekonstrukcia-plotu-a-kladenie-dlazby\/img_2721\/'><img loading=\"lazy\" decoding=\"async\" width=\"150\" height=\"150\" src=\"https:\/\/www.nexttech.sk\/sro\/wp-content\/uploads\/2026\/03\/IMG_2721-150x150.jpg\" class=\"attachment-thumbnail size-thumbnail\" alt=\"\" \/><\/a>\n\t\t\t<\/div><\/figure><figure class='gallery-item'>\n\t\t\t<div class='gallery-icon portrait'>\n\t\t\t\t<a href='https:\/\/www.nexttech.sk\/sro\/rekonstrukcia-plotu-a-kladenie-dlazby\/img_2701\/'><img loading=\"lazy\" decoding=\"async\" width=\"150\" height=\"150\" src=\"https:\/\/www.nexttech.sk\/sro\/wp-content\/uploads\/2026\/03\/IMG_2701-150x150.jpg\" class=\"attachment-thumbnail size-thumbnail\" alt=\"\" \/><\/a>\n\t\t\t<\/div><\/figure><figure class='gallery-item'>\n\t\t\t<div class='gallery-icon landscape'>\n\t\t\t\t<a href='https:\/\/www.nexttech.sk\/sro\/rekonstrukcia-plotu-a-kladenie-dlazby\/attachment\/1666356415198210\/'><img loading=\"lazy\" decoding=\"async\" width=\"150\" height=\"150\" src=\"https:\/\/www.nexttech.sk\/sro\/wp-content\/uploads\/2026\/03\/1666356415198210-150x150.jpg\" class=\"attachment-thumbnail size-thumbnail\" alt=\"\" \/><\/a>\n\t\t\t<\/div><\/figure><figure class='gallery-item'>\n\t\t\t<div class='gallery-icon landscape'>\n\t\t\t\t<a href='https:\/\/www.nexttech.sk\/sro\/rekonstrukcia-plotu-a-kladenie-dlazby\/bez-nazvu-2\/'><img loading=\"lazy\" decoding=\"async\" width=\"150\" height=\"150\" src=\"https:\/\/www.nexttech.sk\/sro\/wp-content\/uploads\/2026\/03\/Bez-nazvu-1-150x150.png\" class=\"attachment-thumbnail size-thumbnail\" alt=\"\" \/><\/a>\n\t\t\t<\/div><\/figure><figure class='gallery-item'>\n\t\t\t<div class='gallery-icon landscape'>\n\t\t\t\t<a href='https:\/\/www.nexttech.sk\/sro\/rekonstrukcia-plotu-a-kladenie-dlazby\/df\/'><img loading=\"lazy\" decoding=\"async\" width=\"150\" height=\"150\" src=\"https:\/\/www.nexttech.sk\/sro\/wp-content\/uploads\/2026\/03\/df-150x150.png\" class=\"attachment-thumbnail size-thumbnail\" alt=\"\" \/><\/a>\n\t\t\t<\/div><\/figure>\n\t\t<\/div>\n\n","protected":false},"excerpt":{"rendered":"<p>Rekon\u0161trukcia plotu a kladenie dla\u017eby, obrubn\u00edkov a palis\u00e1d v Tur\u010dianskom Jasene. &nbsp;<\/p>\n","protected":false},"author":2,"featured_media":0,"parent":0,"menu_order":0,"comment_status":"closed","ping_status":"closed","template":"","meta":{"footnotes":""},"class_list":["post-779","page","type-page","status-publish","hentry"],"aioseo_notices":[],"_links":{"self":[{"href":"https:\/\/www.nexttech.sk\/sro\/wp-json\/wp\/v2\/pages\/779","targetHints":{"allow":["GET"]}}],"collection":[{"href":"https:\/\/www.nexttech.sk\/sro\/wp-json\/wp\/v2\/pages"}],"about":[{"href":"https:\/\/www.nexttech.sk\/sro\/wp-json\/wp\/v2\/types\/page"}],"author":[{"embeddable":true,"href":"https:\/\/www.nexttech.sk\/sro\/wp-json\/wp\/v2\/users\/2"}],"replies":[{"embeddable":true,"href":"https:\/\/www.nexttech.sk\/sro\/wp-json\/wp\/v2\/comments?post=779"}],"version-history":[{"count":3,"href":"https:\/\/www.nexttech.sk\/sro\/wp-json\/wp\/v2\/pages\/779\/revisions"}],"predecessor-version":[{"id":816,"href":"https:\/\/www.nexttech.sk\/sro\/wp-json\/wp\/v2\/pages\/779\/revisions\/816"}],"wp:attachment":[{"href":"https:\/\/www.nexttech.sk\/sro\/wp-json\/wp\/v2\/media?parent=779"}],"curies":[{"name":"wp","href":"https:\/\/api.w.org\/{rel}","templated":true}]}}