{"id":226,"date":"2026-01-24T00:29:10","date_gmt":"2026-01-24T00:29:10","guid":{"rendered":"https:\/\/www.nexttech.sk\/sro\/?page_id=226"},"modified":"2026-03-18T19:52:15","modified_gmt":"2026-03-18T19:52:15","slug":"2021-2","status":"publish","type":"page","link":"https:\/\/www.nexttech.sk\/sro\/nase-realizacie\/2021-2\/","title":{"rendered":"2021"},"content":{"rendered":"<h3 style=\"text-align: center;\"><span style=\"color: #339966;\"><strong>Na\u0161e realiz\u00e1cie v roku 2021<\/strong><\/span><\/h3>\n<h4><a href=\"https:\/\/www.nexttech.sk\/sro\/stavba-rodinneho-domu-v-turcianskom-jasene\/\"><span style=\"color: #a0522d;\">Stavba rodinn\u00e9ho domu v apr\u00edli 2021 v Tur\u010dianskom Jasene<\/span><\/a><\/h4>\n<h4><a title=\"Stavba rodinn\u00e9ho domu v Tur\u010dianskom Jasene (m\u00e1j 2021)\" href=\"https:\/\/www.nexttech.sk\/sro\/stavba-rodinneho-domu-v-turcianskom-jasene-maj\/\">Stavba rodinn\u00e9ho domu v Tur\u010dianskom Jasene (m\u00e1j 2021)<\/a><\/h4>\n<h4><a title=\"Dla\u017eba Eco raster Tur\u010dianske Jaseno\" href=\"https:\/\/www.nexttech.sk\/sro\/dlazba-eco-raster-turcianske-jaseno\/\">Dla\u017eba Eco raster Tur\u010dianske Jaseno<\/a><\/h4>\n<h4><span style=\"color: #000000;\"><a style=\"color: #000000;\" title=\"Nov\u00e9 oplotenie cintor\u00edna v Tur\u010dianskom Jasene\" href=\"https:\/\/www.nexttech.sk\/sro\/nove-oplotenie-cintorina-v-turcianskom-jasene\/\">Nov\u00e9 oplotenie cintor\u00edna v Tur\u010dianskom Jasene<\/a><\/span><\/h4>\n<h4><a title=\"Obklad \u2013 dla\u017eba \u2013 baz\u00e9n Ratkovo (j\u00fal 2021)\" href=\"https:\/\/www.nexttech.sk\/sro\/obklad-dlazba-bazen-ratkovo-jul-2021\/\">Obklad \u2013 dla\u017eba \u2013 baz\u00e9n Ratkovo (j\u00fal 2021)<\/a><\/h4>\n<h4><span style=\"color: #800000;\"><a style=\"color: #800000;\" title=\"Rekon\u0161trukcia domu a \u00faprava okolia (Tur\u010dianske Jaseno)\" href=\"https:\/\/www.nexttech.sk\/sro\/nase-realizacie\/2021-2\/rekonstrukcia-domu-a-uprava-okolia-turcianske-jaseno\/\">Rekon\u0161trukcia domu a \u00faprava okolia (Tur\u010dianske Jaseno)<\/a><\/span><\/h4>\n<h4><span style=\"color: #000080;\"><a style=\"color: #000080;\" title=\"Oplotenie v Diakovej\" href=\"https:\/\/www.nexttech.sk\/sro\/nase-realizacie\/2021-2\/oplotenie-v-diakovej\/\">Oplotenie v Diakovej<\/a><\/span><\/h4>\n","protected":false},"excerpt":{"rendered":"<p>Na\u0161e realiz\u00e1cie v roku 2021 Stavba rodinn\u00e9ho domu v apr\u00edli 2021 v Tur\u010dianskom Jasene Stavba rodinn\u00e9ho domu v Tur\u010dianskom Jasene (m\u00e1j 2021) Dla\u017eba Eco raster Tur\u010dianske Jaseno Nov\u00e9 oplotenie cintor\u00edna v Tur\u010dianskom Jasene Obklad \u2013 dla\u017eba \u2013 baz\u00e9n Ratkovo (j\u00fal 2021) Rekon\u0161trukcia domu a \u00faprava okolia (Tur\u010dianske Jaseno) Oplotenie v Diakovej<\/p>\n","protected":false},"author":1,"featured_media":0,"parent":80,"menu_order":0,"comment_status":"closed","ping_status":"closed","template":"","meta":{"footnotes":""},"class_list":["post-226","page","type-page","status-publish","hentry"],"aioseo_notices":[],"_links":{"self":[{"href":"https:\/\/www.nexttech.sk\/sro\/wp-json\/wp\/v2\/pages\/226","targetHints":{"allow":["GET"]}}],"collection":[{"href":"https:\/\/www.nexttech.sk\/sro\/wp-json\/wp\/v2\/pages"}],"about":[{"href":"https:\/\/www.nexttech.sk\/sro\/wp-json\/wp\/v2\/types\/page"}],"author":[{"embeddable":true,"href":"https:\/\/www.nexttech.sk\/sro\/wp-json\/wp\/v2\/users\/1"}],"replies":[{"embeddable":true,"href":"https:\/\/www.nexttech.sk\/sro\/wp-json\/wp\/v2\/comments?post=226"}],"version-history":[{"count":10,"href":"https:\/\/www.nexttech.sk\/sro\/wp-json\/wp\/v2\/pages\/226\/revisions"}],"predecessor-version":[{"id":849,"href":"https:\/\/www.nexttech.sk\/sro\/wp-json\/wp\/v2\/pages\/226\/revisions\/849"}],"up":[{"embeddable":true,"href":"https:\/\/www.nexttech.sk\/sro\/wp-json\/wp\/v2\/pages\/80"}],"wp:attachment":[{"href":"https:\/\/www.nexttech.sk\/sro\/wp-json\/wp\/v2\/media?parent=226"}],"curies":[{"name":"wp","href":"https:\/\/api.w.org\/{rel}","templated":true}]}}