{"id":177,"date":"2026-01-23T21:07:52","date_gmt":"2026-01-23T21:07:52","guid":{"rendered":"https:\/\/www.nexttech.sk\/sro\/?page_id=177"},"modified":"2026-03-18T20:00:55","modified_gmt":"2026-03-18T20:00:55","slug":"2018-2","status":"publish","type":"page","link":"https:\/\/www.nexttech.sk\/sro\/nase-realizacie\/2018-2\/","title":{"rendered":"2018"},"content":{"rendered":"<h3 style=\"text-align: center;\"><span style=\"color: #339966;\"><strong>Na\u0161e realiz\u00e1cie v roku 2018<\/strong><\/span><\/h3>\n<h4><span style=\"color: #333300;\"><a style=\"color: #333300;\" href=\"https:\/\/www.nexttech.sk\/sro\/2018-2\/rekonstrukcia-kupelne\/\">Rekon\u0161trukcia k\u00fape\u013ene v Tur\u010dianskom Jasene<\/a><\/span><\/h4>\n","protected":false},"excerpt":{"rendered":"<p>Na\u0161e realiz\u00e1cie v roku 2018 Rekon\u0161trukcia k\u00fape\u013ene v Tur\u010dianskom Jasene<\/p>\n","protected":false},"author":1,"featured_media":0,"parent":80,"menu_order":0,"comment_status":"closed","ping_status":"closed","template":"","meta":{"footnotes":""},"class_list":["post-177","page","type-page","status-publish","hentry"],"aioseo_notices":[],"_links":{"self":[{"href":"https:\/\/www.nexttech.sk\/sro\/wp-json\/wp\/v2\/pages\/177","targetHints":{"allow":["GET"]}}],"collection":[{"href":"https:\/\/www.nexttech.sk\/sro\/wp-json\/wp\/v2\/pages"}],"about":[{"href":"https:\/\/www.nexttech.sk\/sro\/wp-json\/wp\/v2\/types\/page"}],"author":[{"embeddable":true,"href":"https:\/\/www.nexttech.sk\/sro\/wp-json\/wp\/v2\/users\/1"}],"replies":[{"embeddable":true,"href":"https:\/\/www.nexttech.sk\/sro\/wp-json\/wp\/v2\/comments?post=177"}],"version-history":[{"count":4,"href":"https:\/\/www.nexttech.sk\/sro\/wp-json\/wp\/v2\/pages\/177\/revisions"}],"predecessor-version":[{"id":853,"href":"https:\/\/www.nexttech.sk\/sro\/wp-json\/wp\/v2\/pages\/177\/revisions\/853"}],"up":[{"embeddable":true,"href":"https:\/\/www.nexttech.sk\/sro\/wp-json\/wp\/v2\/pages\/80"}],"wp:attachment":[{"href":"https:\/\/www.nexttech.sk\/sro\/wp-json\/wp\/v2\/media?parent=177"}],"curies":[{"name":"wp","href":"https:\/\/api.w.org\/{rel}","templated":true}]}}