{"id":128,"date":"2026-01-23T19:38:00","date_gmt":"2026-01-23T19:38:00","guid":{"rendered":"https:\/\/www.nexttech.sk\/sro\/?page_id=128"},"modified":"2026-01-23T20:07:13","modified_gmt":"2026-01-23T20:07:13","slug":"montaz-ostresia","status":"publish","type":"page","link":"https:\/\/www.nexttech.sk\/sro\/2019-2\/montaz-ostresia\/","title":{"rendered":"Mont\u00e1\u017e ostre\u0161ia"},"content":{"rendered":"<h3 style=\"text-align: center;\">Mont\u00e1\u017e ostre\u0161ia v \u017dabokrekoch<img loading=\"lazy\" decoding=\"async\" class=\"size-large wp-image-157 aligncenter\" src=\"https:\/\/www.nexttech.sk\/sro\/wp-content\/uploads\/2026\/01\/20191211_155611a-1024x576.jpg\" alt=\"\" width=\"900\" height=\"506\" srcset=\"https:\/\/www.nexttech.sk\/sro\/wp-content\/uploads\/2026\/01\/20191211_155611a-1024x576.jpg 1024w, https:\/\/www.nexttech.sk\/sro\/wp-content\/uploads\/2026\/01\/20191211_155611a-300x169.jpg 300w, https:\/\/www.nexttech.sk\/sro\/wp-content\/uploads\/2026\/01\/20191211_155611a-768x432.jpg 768w, https:\/\/www.nexttech.sk\/sro\/wp-content\/uploads\/2026\/01\/20191211_155611a-1536x864.jpg 1536w, https:\/\/www.nexttech.sk\/sro\/wp-content\/uploads\/2026\/01\/20191211_155611a.jpg 1800w\" sizes=\"auto, (max-width: 900px) 100vw, 900px\" \/> <img loading=\"lazy\" decoding=\"async\" class=\"size-large wp-image-158 aligncenter\" src=\"https:\/\/www.nexttech.sk\/sro\/wp-content\/uploads\/2026\/01\/IMG_1635-1024x768.jpg\" alt=\"\" width=\"900\" height=\"675\" srcset=\"https:\/\/www.nexttech.sk\/sro\/wp-content\/uploads\/2026\/01\/IMG_1635-1024x768.jpg 1024w, https:\/\/www.nexttech.sk\/sro\/wp-content\/uploads\/2026\/01\/IMG_1635-300x225.jpg 300w, https:\/\/www.nexttech.sk\/sro\/wp-content\/uploads\/2026\/01\/IMG_1635-768x576.jpg 768w, https:\/\/www.nexttech.sk\/sro\/wp-content\/uploads\/2026\/01\/IMG_1635-1536x1152.jpg 1536w, https:\/\/www.nexttech.sk\/sro\/wp-content\/uploads\/2026\/01\/IMG_1635.jpg 1800w\" sizes=\"auto, (max-width: 900px) 100vw, 900px\" \/> <img loading=\"lazy\" decoding=\"async\" class=\"size-large wp-image-159 aligncenter\" src=\"https:\/\/www.nexttech.sk\/sro\/wp-content\/uploads\/2026\/01\/IMG_1659-1024x768.jpg\" alt=\"\" width=\"900\" height=\"675\" srcset=\"https:\/\/www.nexttech.sk\/sro\/wp-content\/uploads\/2026\/01\/IMG_1659-1024x768.jpg 1024w, https:\/\/www.nexttech.sk\/sro\/wp-content\/uploads\/2026\/01\/IMG_1659-300x225.jpg 300w, https:\/\/www.nexttech.sk\/sro\/wp-content\/uploads\/2026\/01\/IMG_1659-768x576.jpg 768w, https:\/\/www.nexttech.sk\/sro\/wp-content\/uploads\/2026\/01\/IMG_1659-1536x1152.jpg 1536w, https:\/\/www.nexttech.sk\/sro\/wp-content\/uploads\/2026\/01\/IMG_1659.jpg 1800w\" sizes=\"auto, (max-width: 900px) 100vw, 900px\" \/> <img loading=\"lazy\" decoding=\"async\" class=\"size-large wp-image-160 aligncenter\" src=\"https:\/\/www.nexttech.sk\/sro\/wp-content\/uploads\/2026\/01\/IMG_1663a-1024x768.jpg\" alt=\"\" width=\"900\" height=\"675\" srcset=\"https:\/\/www.nexttech.sk\/sro\/wp-content\/uploads\/2026\/01\/IMG_1663a-1024x768.jpg 1024w, https:\/\/www.nexttech.sk\/sro\/wp-content\/uploads\/2026\/01\/IMG_1663a-300x225.jpg 300w, https:\/\/www.nexttech.sk\/sro\/wp-content\/uploads\/2026\/01\/IMG_1663a-768x576.jpg 768w, https:\/\/www.nexttech.sk\/sro\/wp-content\/uploads\/2026\/01\/IMG_1663a-1536x1152.jpg 1536w, https:\/\/www.nexttech.sk\/sro\/wp-content\/uploads\/2026\/01\/IMG_1663a.jpg 1800w\" sizes=\"auto, (max-width: 900px) 100vw, 900px\" \/> <img loading=\"lazy\" decoding=\"async\" class=\"size-large wp-image-161 aligncenter\" src=\"https:\/\/www.nexttech.sk\/sro\/wp-content\/uploads\/2026\/01\/IMG_1716-1024x768.jpg\" alt=\"\" width=\"900\" height=\"675\" srcset=\"https:\/\/www.nexttech.sk\/sro\/wp-content\/uploads\/2026\/01\/IMG_1716-1024x768.jpg 1024w, https:\/\/www.nexttech.sk\/sro\/wp-content\/uploads\/2026\/01\/IMG_1716-300x225.jpg 300w, https:\/\/www.nexttech.sk\/sro\/wp-content\/uploads\/2026\/01\/IMG_1716-768x576.jpg 768w, https:\/\/www.nexttech.sk\/sro\/wp-content\/uploads\/2026\/01\/IMG_1716-1536x1152.jpg 1536w, https:\/\/www.nexttech.sk\/sro\/wp-content\/uploads\/2026\/01\/IMG_1716.jpg 1800w\" sizes=\"auto, (max-width: 900px) 100vw, 900px\" \/> <img loading=\"lazy\" decoding=\"async\" class=\"size-large wp-image-162 aligncenter\" src=\"https:\/\/www.nexttech.sk\/sro\/wp-content\/uploads\/2026\/01\/IMG_1722-1024x768.jpg\" alt=\"\" width=\"900\" height=\"675\" srcset=\"https:\/\/www.nexttech.sk\/sro\/wp-content\/uploads\/2026\/01\/IMG_1722-1024x768.jpg 1024w, https:\/\/www.nexttech.sk\/sro\/wp-content\/uploads\/2026\/01\/IMG_1722-300x225.jpg 300w, https:\/\/www.nexttech.sk\/sro\/wp-content\/uploads\/2026\/01\/IMG_1722-768x576.jpg 768w, https:\/\/www.nexttech.sk\/sro\/wp-content\/uploads\/2026\/01\/IMG_1722-1536x1152.jpg 1536w, https:\/\/www.nexttech.sk\/sro\/wp-content\/uploads\/2026\/01\/IMG_1722.jpg 1800w\" sizes=\"auto, (max-width: 900px) 100vw, 900px\" \/><\/h3>\n","protected":false},"excerpt":{"rendered":"<p>Mont\u00e1\u017e ostre\u0161ia v \u017dabokrekoch<\/p>\n","protected":false},"author":1,"featured_media":0,"parent":117,"menu_order":0,"comment_status":"closed","ping_status":"closed","template":"","meta":{"footnotes":""},"class_list":["post-128","page","type-page","status-publish","hentry"],"aioseo_notices":[],"_links":{"self":[{"href":"https:\/\/www.nexttech.sk\/sro\/wp-json\/wp\/v2\/pages\/128","targetHints":{"allow":["GET"]}}],"collection":[{"href":"https:\/\/www.nexttech.sk\/sro\/wp-json\/wp\/v2\/pages"}],"about":[{"href":"https:\/\/www.nexttech.sk\/sro\/wp-json\/wp\/v2\/types\/page"}],"author":[{"embeddable":true,"href":"https:\/\/www.nexttech.sk\/sro\/wp-json\/wp\/v2\/users\/1"}],"replies":[{"embeddable":true,"href":"https:\/\/www.nexttech.sk\/sro\/wp-json\/wp\/v2\/comments?post=128"}],"version-history":[{"count":3,"href":"https:\/\/www.nexttech.sk\/sro\/wp-json\/wp\/v2\/pages\/128\/revisions"}],"predecessor-version":[{"id":163,"href":"https:\/\/www.nexttech.sk\/sro\/wp-json\/wp\/v2\/pages\/128\/revisions\/163"}],"up":[{"embeddable":true,"href":"https:\/\/www.nexttech.sk\/sro\/wp-json\/wp\/v2\/pages\/117"}],"wp:attachment":[{"href":"https:\/\/www.nexttech.sk\/sro\/wp-json\/wp\/v2\/media?parent=128"}],"curies":[{"name":"wp","href":"https:\/\/api.w.org\/{rel}","templated":true}]}}