{"id":126,"date":"2026-01-23T19:38:00","date_gmt":"2026-01-23T19:38:00","guid":{"rendered":"https:\/\/www.nexttech.sk\/sro\/?page_id=126"},"modified":"2026-01-23T19:46:09","modified_gmt":"2026-01-23T19:46:09","slug":"rekonstrukcia-kupelne","status":"publish","type":"page","link":"https:\/\/www.nexttech.sk\/sro\/rekonstrukcia-kupelne\/","title":{"rendered":"Rekon\u0161trukcia k\u00fape\u013ene"},"content":{"rendered":"<h3 style=\"text-align: center;\"><strong>Rekon\u0161trukcia k\u00fape\u013ene v Tur\u010dianskom Jasene<\/strong><br \/>\n<img loading=\"lazy\" decoding=\"async\" class=\"alignnone size-full wp-image-150\" src=\"https:\/\/www.nexttech.sk\/sro\/wp-content\/uploads\/2026\/01\/IMG_20140829_074001.jpg\" alt=\"\" width=\"600\" height=\"800\" srcset=\"https:\/\/www.nexttech.sk\/sro\/wp-content\/uploads\/2026\/01\/IMG_20140829_074001.jpg 600w, https:\/\/www.nexttech.sk\/sro\/wp-content\/uploads\/2026\/01\/IMG_20140829_074001-225x300.jpg 225w\" sizes=\"auto, (max-width: 600px) 100vw, 600px\" \/><\/h3>\n<p><img loading=\"lazy\" decoding=\"async\" class=\"size-full wp-image-149 aligncenter\" src=\"https:\/\/www.nexttech.sk\/sro\/wp-content\/uploads\/2026\/01\/10580522_10203635190339426_2062169155_n.jpg\" alt=\"\" width=\"600\" height=\"800\" srcset=\"https:\/\/www.nexttech.sk\/sro\/wp-content\/uploads\/2026\/01\/10580522_10203635190339426_2062169155_n.jpg 600w, https:\/\/www.nexttech.sk\/sro\/wp-content\/uploads\/2026\/01\/10580522_10203635190339426_2062169155_n-225x300.jpg 225w\" sizes=\"auto, (max-width: 600px) 100vw, 600px\" \/><\/p>\n","protected":false},"excerpt":{"rendered":"<p>Rekon\u0161trukcia k\u00fape\u013ene v Tur\u010dianskom Jasene<\/p>\n","protected":false},"author":1,"featured_media":0,"parent":0,"menu_order":0,"comment_status":"closed","ping_status":"closed","template":"","meta":{"footnotes":""},"class_list":["post-126","page","type-page","status-publish","hentry"],"aioseo_notices":[],"_links":{"self":[{"href":"https:\/\/www.nexttech.sk\/sro\/wp-json\/wp\/v2\/pages\/126","targetHints":{"allow":["GET"]}}],"collection":[{"href":"https:\/\/www.nexttech.sk\/sro\/wp-json\/wp\/v2\/pages"}],"about":[{"href":"https:\/\/www.nexttech.sk\/sro\/wp-json\/wp\/v2\/types\/page"}],"author":[{"embeddable":true,"href":"https:\/\/www.nexttech.sk\/sro\/wp-json\/wp\/v2\/users\/1"}],"replies":[{"embeddable":true,"href":"https:\/\/www.nexttech.sk\/sro\/wp-json\/wp\/v2\/comments?post=126"}],"version-history":[{"count":4,"href":"https:\/\/www.nexttech.sk\/sro\/wp-json\/wp\/v2\/pages\/126\/revisions"}],"predecessor-version":[{"id":153,"href":"https:\/\/www.nexttech.sk\/sro\/wp-json\/wp\/v2\/pages\/126\/revisions\/153"}],"wp:attachment":[{"href":"https:\/\/www.nexttech.sk\/sro\/wp-json\/wp\/v2\/media?parent=126"}],"curies":[{"name":"wp","href":"https:\/\/api.w.org\/{rel}","templated":true}]}}