{"id":118,"date":"2026-01-23T19:32:01","date_gmt":"2026-01-23T19:32:01","guid":{"rendered":"https:\/\/www.nexttech.sk\/sro\/?page_id=118"},"modified":"2026-03-18T19:58:34","modified_gmt":"2026-03-18T19:58:34","slug":"2020-2","status":"publish","type":"page","link":"https:\/\/www.nexttech.sk\/sro\/2020-2\/","title":{"rendered":"2020"},"content":{"rendered":"<h3 style=\"text-align: center;\"><span style=\"color: #339966;\"><strong>Na\u0161e realiz\u00e1cie v roku 2020<\/strong><\/span><\/h3>\n<h4><a href=\"https:\/\/www.nexttech.sk\/sro\/2020-2\/rekonstrukcia-kancelarie\/\"><span style=\"color: #808080;\">Rekon\u0161trukcia kancel\u00e1rie v Tur\u010dianskom Jasene<\/span><\/a><\/h4>\n<h4><a href=\"https:\/\/www.nexttech.sk\/sro\/2020-2\/zateplenie-rodinneho-domu\/\"><span style=\"color: #20b2aa;\">Zateplenie rodinn\u00e9ho domu v Diakovej<\/span><\/a><\/h4>\n<h4><a href=\"https:\/\/www.nexttech.sk\/sro\/2020-2\/stavba-rodinneho-domu\/\"><span style=\"color: #a0522d;\">Stavba rodinn\u00e9ho domu v Su\u010danoch<\/span><\/a><\/h4>\n<h4><a href=\"https:\/\/www.nexttech.sk\/sro\/2020-2\/rekonstrukcia-stareho-mlyna\/\"><span style=\"color: #ffa500;\">Rekon\u0161trukcia star\u00e9ho mlyna v \u010eanovej<\/span><\/a><\/h4>\n","protected":false},"excerpt":{"rendered":"<p>Na\u0161e realiz\u00e1cie v roku 2020 Rekon\u0161trukcia kancel\u00e1rie v Tur\u010dianskom Jasene Zateplenie rodinn\u00e9ho domu v Diakovej Stavba rodinn\u00e9ho domu v Su\u010danoch Rekon\u0161trukcia star\u00e9ho mlyna v \u010eanovej<\/p>\n","protected":false},"author":1,"featured_media":0,"parent":0,"menu_order":0,"comment_status":"closed","ping_status":"closed","template":"","meta":{"footnotes":""},"class_list":["post-118","page","type-page","status-publish","hentry"],"aioseo_notices":[],"_links":{"self":[{"href":"https:\/\/www.nexttech.sk\/sro\/wp-json\/wp\/v2\/pages\/118","targetHints":{"allow":["GET"]}}],"collection":[{"href":"https:\/\/www.nexttech.sk\/sro\/wp-json\/wp\/v2\/pages"}],"about":[{"href":"https:\/\/www.nexttech.sk\/sro\/wp-json\/wp\/v2\/types\/page"}],"author":[{"embeddable":true,"href":"https:\/\/www.nexttech.sk\/sro\/wp-json\/wp\/v2\/users\/1"}],"replies":[{"embeddable":true,"href":"https:\/\/www.nexttech.sk\/sro\/wp-json\/wp\/v2\/comments?post=118"}],"version-history":[{"count":5,"href":"https:\/\/www.nexttech.sk\/sro\/wp-json\/wp\/v2\/pages\/118\/revisions"}],"predecessor-version":[{"id":851,"href":"https:\/\/www.nexttech.sk\/sro\/wp-json\/wp\/v2\/pages\/118\/revisions\/851"}],"wp:attachment":[{"href":"https:\/\/www.nexttech.sk\/sro\/wp-json\/wp\/v2\/media?parent=118"}],"curies":[{"name":"wp","href":"https:\/\/api.w.org\/{rel}","templated":true}]}}