{"id":117,"date":"2026-01-23T19:32:01","date_gmt":"2026-01-23T19:32:01","guid":{"rendered":"https:\/\/www.nexttech.sk\/sro\/?page_id=117"},"modified":"2026-03-18T20:00:11","modified_gmt":"2026-03-18T20:00:11","slug":"2019-2","status":"publish","type":"page","link":"https:\/\/www.nexttech.sk\/sro\/2019-2\/","title":{"rendered":"2019"},"content":{"rendered":"<h3 style=\"text-align: center;\"><span style=\"color: #339966;\"><strong>Na\u0161e realiz\u00e1cie v roku 2019<\/strong><\/span><\/h3>\n<h4><a href=\"https:\/\/www.nexttech.sk\/sro\/2019-2\/montaz-ostresia\/\"><span style=\"color: #a0522d;\">Mont\u00e1\u017e ostre\u0161ia<\/span><\/a><\/h4>\n<h4><a href=\"https:\/\/www.nexttech.sk\/sro\/2019-2\/montaz-wpc-terasy\/\"><span style=\"color: #800000;\">Mont\u00e1\u017e WPC terasy<\/span><\/a><\/h4>\n","protected":false},"excerpt":{"rendered":"<p>Na\u0161e realiz\u00e1cie v roku 2019 Mont\u00e1\u017e ostre\u0161ia Mont\u00e1\u017e WPC terasy<\/p>\n","protected":false},"author":1,"featured_media":0,"parent":0,"menu_order":0,"comment_status":"closed","ping_status":"closed","template":"","meta":{"footnotes":""},"class_list":["post-117","page","type-page","status-publish","hentry"],"aioseo_notices":[],"_links":{"self":[{"href":"https:\/\/www.nexttech.sk\/sro\/wp-json\/wp\/v2\/pages\/117","targetHints":{"allow":["GET"]}}],"collection":[{"href":"https:\/\/www.nexttech.sk\/sro\/wp-json\/wp\/v2\/pages"}],"about":[{"href":"https:\/\/www.nexttech.sk\/sro\/wp-json\/wp\/v2\/types\/page"}],"author":[{"embeddable":true,"href":"https:\/\/www.nexttech.sk\/sro\/wp-json\/wp\/v2\/users\/1"}],"replies":[{"embeddable":true,"href":"https:\/\/www.nexttech.sk\/sro\/wp-json\/wp\/v2\/comments?post=117"}],"version-history":[{"count":5,"href":"https:\/\/www.nexttech.sk\/sro\/wp-json\/wp\/v2\/pages\/117\/revisions"}],"predecessor-version":[{"id":852,"href":"https:\/\/www.nexttech.sk\/sro\/wp-json\/wp\/v2\/pages\/117\/revisions\/852"}],"wp:attachment":[{"href":"https:\/\/www.nexttech.sk\/sro\/wp-json\/wp\/v2\/media?parent=117"}],"curies":[{"name":"wp","href":"https:\/\/api.w.org\/{rel}","templated":true}]}}